{"id":2982,"date":"2025-04-23T00:58:22","date_gmt":"2025-04-23T00:58:22","guid":{"rendered":"https:\/\/homlli.com\/?post_type=product&#038;p=2982"},"modified":"2025-04-23T00:58:23","modified_gmt":"2025-04-23T00:58:23","slug":"velana-nordic-two-tier-side-table-sintered-stone-metal-frame","status":"publish","type":"product","link":"https:\/\/homlli.com\/ar\/product\/velana-nordic-two-tier-side-table-sintered-stone-metal-frame\/","title":{"rendered":"Velana Nordic Two-Tier Side Table \u2013 Sintered Stone &#038; Metal Frame"},"content":{"rendered":"<ul data-start=\"354\" data-end=\"1058\">\n<li class=\"\" data-start=\"354\" data-end=\"419\">\n<p class=\"\" data-start=\"356\" data-end=\"419\"><strong data-start=\"356\" data-end=\"368\">Material<\/strong>: Sintered stone top + anti-rust metal iron frame<\/p>\n<\/li>\n<li class=\"\" data-start=\"420\" data-end=\"472\">\n<p class=\"\" data-start=\"422\" data-end=\"472\"><strong data-start=\"422\" data-end=\"439\">Color Options<\/strong>: White + black, Golden + white<\/p>\n<\/li>\n<li class=\"\" data-start=\"473\" data-end=\"532\">\n<p class=\"\" data-start=\"475\" data-end=\"532\"><strong data-start=\"475\" data-end=\"489\">Dimensions<\/strong>: 40 \u00d7 40 \u00d7 58 cm (15.7 \u00d7 15.7 \u00d7 22.8 in)<\/p>\n<\/li>\n<li class=\"\" data-start=\"533\" data-end=\"570\">\n<p class=\"\" data-start=\"535\" data-end=\"570\"><strong data-start=\"535\" data-end=\"561\">Top Tier Load Capacity<\/strong>: 40 kg<\/p>\n<\/li>\n<li class=\"\" data-start=\"571\" data-end=\"611\">\n<p class=\"\" data-start=\"573\" data-end=\"611\"><strong data-start=\"573\" data-end=\"602\">Bottom Tier Load Capacity<\/strong>: 45 kg<\/p>\n<\/li>\n<li class=\"\" data-start=\"612\" data-end=\"640\">\n<p class=\"\" data-start=\"614\" data-end=\"640\"><strong data-start=\"614\" data-end=\"628\">Net Weight<\/strong>: 10.95 kg<\/p>\n<\/li>\n<li class=\"\" data-start=\"641\" data-end=\"692\">\n<p class=\"\" data-start=\"643\" data-end=\"692\"><strong data-start=\"643\" data-end=\"652\">Style<\/strong>: Minimalist Nordic, rectangular shape<\/p>\n<\/li>\n<li class=\"\" data-start=\"693\" data-end=\"913\">\n<p class=\"\" data-start=\"695\" data-end=\"710\"><strong data-start=\"695\" data-end=\"707\">Features<\/strong>:<\/p>\n<ul data-start=\"713\" data-end=\"913\">\n<li class=\"\" data-start=\"713\" data-end=\"744\">\n<p class=\"\" data-start=\"715\" data-end=\"744\">Heat resistant up to 1200\u00b0C<\/p>\n<\/li>\n<li class=\"\" data-start=\"747\" data-end=\"790\">\n<p class=\"\" data-start=\"749\" data-end=\"790\">Scratch-resistant, high-density surface<\/p>\n<\/li>\n<li class=\"\" data-start=\"793\" data-end=\"823\">\n<p class=\"\" data-start=\"795\" data-end=\"823\">Easy to clean and maintain<\/p>\n<\/li>\n<li class=\"\" data-start=\"826\" data-end=\"851\">\n<p class=\"\" data-start=\"828\" data-end=\"851\">Two-tier open storage<\/p>\n<\/li>\n<li class=\"\" data-start=\"854\" data-end=\"913\">\n<p class=\"\" data-start=\"856\" data-end=\"913\">Ideal as a sofa side table, coffee table, or nightstand<\/p>\n<\/li>\n<\/ul>\n<\/li>\n<li class=\"\" data-start=\"914\" data-end=\"998\">\n<p class=\"\" data-start=\"916\" data-end=\"939\"><strong data-start=\"916\" data-end=\"936\">Package Includes<\/strong>:<\/p>\n<ul data-start=\"942\" data-end=\"998\">\n<li class=\"\" data-start=\"942\" data-end=\"969\">\n<p class=\"\" data-start=\"944\" data-end=\"969\">1 \u00d7 Two-tier side table<\/p>\n<\/li>\n<li class=\"\" data-start=\"972\" data-end=\"998\">\n<p class=\"\" data-start=\"974\" data-end=\"998\">1 \u00d7 Instruction manual<\/p>\n<\/li>\n<\/ul>\n<\/li>\n<li class=\"\" data-start=\"999\" data-end=\"1058\">\n<p class=\"\" data-start=\"1001\" data-end=\"1058\"><strong data-start=\"1001\" data-end=\"1013\">Assembly<\/strong>: Simple assembly required; manual included<\/p>\n<\/li>\n<\/ul>","protected":false},"excerpt":{"rendered":"<p>Meet our modern Nordic-style side table, designed with clean lines and functional elegance. Featuring a durable sintered stone top and a sturdy iron frame, it offers both style and stability. With two spacious tiers, it\u2019s perfect for displaying plants, lamps, or d\u00e9cor.<\/p>","protected":false},"featured_media":2987,"comment_status":"open","ping_status":"closed","template":"","meta":[],"product_brand":[],"product_cat":[71,141],"product_tag":[142,134],"class_list":{"0":"post-2982","1":"product","2":"type-product","3":"status-publish","4":"has-post-thumbnail","6":"product_cat-living-room","7":"product_cat-table-living-room","8":"product_tag-living-room-table","9":"product_tag-table","11":"first","12":"instock","13":"shipping-taxable","14":"purchasable","15":"product-type-simple"},"_links":{"self":[{"href":"https:\/\/homlli.com\/ar\/wp-json\/wp\/v2\/product\/2982","targetHints":{"allow":["GET"]}}],"collection":[{"href":"https:\/\/homlli.com\/ar\/wp-json\/wp\/v2\/product"}],"about":[{"href":"https:\/\/homlli.com\/ar\/wp-json\/wp\/v2\/types\/product"}],"replies":[{"embeddable":true,"href":"https:\/\/homlli.com\/ar\/wp-json\/wp\/v2\/comments?post=2982"}],"version-history":[{"count":2,"href":"https:\/\/homlli.com\/ar\/wp-json\/wp\/v2\/product\/2982\/revisions"}],"predecessor-version":[{"id":2989,"href":"https:\/\/homlli.com\/ar\/wp-json\/wp\/v2\/product\/2982\/revisions\/2989"}],"wp:featuredmedia":[{"embeddable":true,"href":"https:\/\/homlli.com\/ar\/wp-json\/wp\/v2\/media\/2987"}],"wp:attachment":[{"href":"https:\/\/homlli.com\/ar\/wp-json\/wp\/v2\/media?parent=2982"}],"wp:term":[{"taxonomy":"product_brand","embeddable":true,"href":"https:\/\/homlli.com\/ar\/wp-json\/wp\/v2\/product_brand?post=2982"},{"taxonomy":"product_cat","embeddable":true,"href":"https:\/\/homlli.com\/ar\/wp-json\/wp\/v2\/product_cat?post=2982"},{"taxonomy":"product_tag","embeddable":true,"href":"https:\/\/homlli.com\/ar\/wp-json\/wp\/v2\/product_tag?post=2982"}],"curies":[{"name":"wp","href":"https:\/\/api.w.org\/{rel}","templated":true}]}}